{"id":1476,"date":"2025-09-11T19:59:17","date_gmt":"2025-09-11T19:59:17","guid":{"rendered":"https:\/\/pmanevis.com\/nevis\/?page_id=1476"},"modified":"2025-11-19T18:59:24","modified_gmt":"2025-11-19T18:59:24","slug":"michele-hibbert","status":"publish","type":"page","link":"https:\/\/pmanevis.com\/nevis\/michele-hibbert\/","title":{"rendered":"Michele Hibbert"},"content":{"rendered":"\t\t<div data-elementor-type=\"wp-page\" data-elementor-id=\"1476\" class=\"elementor elementor-1476\" data-elementor-post-type=\"page\">\n\t\t\t\t\t\t<section class=\"elementor-section elementor-top-section elementor-element elementor-element-f7bbf3f elementor-section-boxed elementor-section-height-default elementor-section-height-default\" data-id=\"f7bbf3f\" data-element_type=\"section\">\n\t\t\t\t\t\t<div class=\"elementor-container elementor-column-gap-no\">\n\t\t\t\t\t<div class=\"elementor-column elementor-col-50 elementor-top-column elementor-element elementor-element-ea906b2\" data-id=\"ea906b2\" data-element_type=\"column\">\n\t\t\t<div class=\"elementor-widget-wrap elementor-element-populated\">\n\t\t\t\t\t\t<div class=\"elementor-element elementor-element-11c8f41 elementor-widget elementor-widget-image\" data-id=\"11c8f41\" data-element_type=\"widget\" data-widget_type=\"image.default\">\n\t\t\t\t\t\t\t\t\t\t\t\t\t\t\t<img fetchpriority=\"high\" decoding=\"async\" width=\"600\" height=\"750\" src=\"https:\/\/pmanevis.com\/nevis\/wp-content\/uploads\/2025\/09\/michele-hibbert.jpg\" class=\"attachment-full size-full wp-image-1749\" alt=\"\" \/>\t\t\t\t\t\t\t\t\t\t\t\t\t\t\t<\/div>\n\t\t\t\t<div class=\"elementor-element elementor-element-f29ac4a elementor-widget__width-initial elementor-widget elementor-widget-text-editor\" data-id=\"f29ac4a\" data-element_type=\"widget\" data-widget_type=\"text-editor.default\">\n\t\t\t\t\t\t\t\t\t<p><strong>MEMBER<\/strong><br \/>\u2022 Panamanian Bar Association<br \/>\u2022 Participant member of BVI Finance<br \/>\u2022 Worldwide Association of Female Professionals<br \/>\u2022 Former member of Kiwanis Club Las Perlas Panama<br \/>\u2022 Association of Registered Agents of the British Virgin Islands (ARA BVI) \u2013 Education Chair 2025-2026<br \/>\u200b\u200b<br \/><strong>LANGUAGES<\/strong><br \/>\u2022 Spanish<br \/>\u2022 English<\/p>\t\t\t\t\t\t\t\t<\/div>\n\t\t\t\t<div class=\"elementor-element elementor-element-6231365 e-grid-align-left e-grid-align-mobile-center elementor-shape-rounded elementor-grid-0 elementor-widget elementor-widget-social-icons\" data-id=\"6231365\" data-element_type=\"widget\" data-widget_type=\"social-icons.default\">\n\t\t\t\t\t\t\t<div class=\"elementor-social-icons-wrapper elementor-grid\">\n\t\t\t\t\t\t\t<span class=\"elementor-grid-item\">\n\t\t\t\t\t<a class=\"elementor-icon elementor-social-icon elementor-social-icon-linkedin elementor-repeater-item-bb4b3ef\" href=\"https:\/\/www.linkedin.com\/in\/michele-hibbert-68180636\/\" target=\"_blank\">\n\t\t\t\t\t\t<span class=\"elementor-screen-only\">Linkedin<\/span>\n\t\t\t\t\t\t<i class=\"fab fa-linkedin\"><\/i>\t\t\t\t\t<\/a>\n\t\t\t\t<\/span>\n\t\t\t\t\t<\/div>\n\t\t\t\t\t\t<\/div>\n\t\t\t\t\t<\/div>\n\t\t<\/div>\n\t\t\t\t<div class=\"elementor-column elementor-col-50 elementor-top-column elementor-element elementor-element-aee636a\" data-id=\"aee636a\" data-element_type=\"column\">\n\t\t\t<div class=\"elementor-widget-wrap elementor-element-populated\">\n\t\t\t\t\t\t<div class=\"elementor-element elementor-element-b69aae1 elementor-widget elementor-widget-gva-heading-block\" data-id=\"b69aae1\" data-element_type=\"widget\" data-widget_type=\"gva-heading-block.default\">\n\t\t\t\t<div class=\"elementor-widget-container\">\n\t\t\t\t\t<div class=\"gva-element-gva-heading-block gva-element\">   <div class=\"align-left style-1 widget gsc-heading box-align-left auto-responsive\">\r\n      <div class=\"content-inner\">\r\n         \r\n         \r\n         <div class=\"heading-line\"><span><\/span><span><\/span><\/div>\r\n                     <div class=\"sub-title\">\r\n               <span class=\"tagline\">Executive Director<\/span> \r\n            <\/div>\r\n           \r\n         \r\n                     <h2 class=\"title\">\r\n               <span>Michele Hibbert<\/span>\r\n            <\/h2>\r\n                  \r\n         \r\n      <\/div>\r\n   <\/div>\r\n<\/div>\t\t\t\t<\/div>\n\t\t\t\t<\/div>\n\t\t\t\t<div class=\"elementor-element elementor-element-6725493 elementor-widget elementor-widget-text-editor\" data-id=\"6725493\" data-element_type=\"widget\" data-widget_type=\"text-editor.default\">\n\t\t\t\t\t\t\t\t\t<p>E.mail: <a href=\"mailto:mhibbert@pmalawyers.com\">mhibbert@pmalawyers.com<\/a><\/p>\t\t\t\t\t\t\t\t<\/div>\n\t\t\t\t<div class=\"elementor-element elementor-element-41048cb elementor-widget-divider--view-line elementor-widget elementor-widget-divider\" data-id=\"41048cb\" data-element_type=\"widget\" data-widget_type=\"divider.default\">\n\t\t\t\t\t\t\t<div class=\"elementor-divider\">\n\t\t\t<span class=\"elementor-divider-separator\">\n\t\t\t\t\t\t<\/span>\n\t\t<\/div>\n\t\t\t\t\t\t<\/div>\n\t\t\t\t<div class=\"elementor-element elementor-element-df647c5 elementor-widget elementor-widget-text-editor\" data-id=\"df647c5\" data-element_type=\"widget\" data-widget_type=\"text-editor.default\">\n\t\t\t\t\t\t\t\t\t<p>Michele\u00a0Hibbert\u00a0is currently appointed as Executive Director for the British Virgin Islands overseeing day-to-day operations, providing advice to the board on industry and regulatory developments as well as general corporate matters. She actively\u00a0engages and maintains relationships with all key groups, agencies, and organizations, acting as the liaison between the company, regulators, government authorities, as well as fellow colleagues. Michele\u00a0is also responsible for developing AML\/CFT risk-based strategies ensuring that regulatory requirements are met for operations in the British Virgin Islands, the Bahamas, and Anguilla.<\/p><p>Michele has long and comprehensive experience in the corporate and financial market.\u00a0Prior to joining PMA, Michele was head of several in-house legal\u00a0teams\u00a0for leading multinational companies, developing and restructuring resources\u00a0to achieve more cost-efficient\u00a0internal legal services.\u00a0 She\u00a0was involved in high level\u00a0projects, including the\u00a0negotiation for the interconnection of telecommunications and networks expansion agreements in Panama, the acquisition of two leading gaming companies, and the execution of the building material supply agreement for the construction of Panama\u2019s Metro System Line 1\u00a0and the\u00a0Panama Canal Third Set of Locks Expansion Project.<\/p><p>Michele qualified as a Panamanian lawyer in 2002, receiving her bachelor degree in Law and Political Science and LLM in Corporate Law with honors from Universidad Catolica Santa Maria La Antigua.\u00a0 Additional studies include: Master in Alternative Dispute Resolution from Universidad Tecnol\u00f3gica de Panam\u00e1, Master in Tax Law from Universidad Especializada de Contadores P\u00fablicos Autorizados, Master in Administration and Business Direction, EGADE Business School- Tecnol\u00f3gico De Monterrey. \u00a0Also, further specialization through the Executive Management Program from YALE University School of Management.<\/p>\t\t\t\t\t\t\t\t<\/div>\n\t\t\t\t\t<\/div>\n\t\t<\/div>\n\t\t\t\t\t<\/div>\n\t\t<\/section>\n\t\t\t\t<\/div>\n\t\t","protected":false},"excerpt":{"rendered":"<p>MEMBER\u2022 Panamanian Bar Association\u2022 Participant member of BVI Finance\u2022 Worldwide Association of Female Professionals\u2022 Former member of Kiwanis Club Las Perlas Panama\u2022 Association of Registered Agents of the British Virgin [&hellip;]<\/p>\n","protected":false},"author":2,"featured_media":0,"parent":0,"menu_order":0,"comment_status":"closed","ping_status":"closed","template":"","meta":{"footnotes":""},"class_list":["post-1476","page","type-page","status-publish","hentry"],"_links":{"self":[{"href":"https:\/\/pmanevis.com\/nevis\/wp-json\/wp\/v2\/pages\/1476","targetHints":{"allow":["GET"]}}],"collection":[{"href":"https:\/\/pmanevis.com\/nevis\/wp-json\/wp\/v2\/pages"}],"about":[{"href":"https:\/\/pmanevis.com\/nevis\/wp-json\/wp\/v2\/types\/page"}],"author":[{"embeddable":true,"href":"https:\/\/pmanevis.com\/nevis\/wp-json\/wp\/v2\/users\/2"}],"replies":[{"embeddable":true,"href":"https:\/\/pmanevis.com\/nevis\/wp-json\/wp\/v2\/comments?post=1476"}],"version-history":[{"count":28,"href":"https:\/\/pmanevis.com\/nevis\/wp-json\/wp\/v2\/pages\/1476\/revisions"}],"predecessor-version":[{"id":2600,"href":"https:\/\/pmanevis.com\/nevis\/wp-json\/wp\/v2\/pages\/1476\/revisions\/2600"}],"wp:attachment":[{"href":"https:\/\/pmanevis.com\/nevis\/wp-json\/wp\/v2\/media?parent=1476"}],"curies":[{"name":"wp","href":"https:\/\/api.w.org\/{rel}","templated":true}]}}